{"id":266,"date":"2021-08-09T14:06:19","date_gmt":"2021-08-09T14:06:19","guid":{"rendered":"https:\/\/ubsdev.wpengine.com\/?page_id=266"},"modified":"2021-09-27T14:41:37","modified_gmt":"2021-09-27T14:41:37","slug":"how-to-vote","status":"publish","type":"page","link":"https:\/\/ubsprfunds.com\/es\/how-to-vote\/","title":{"rendered":"C\u00f3mo Ejercer Su Voto"},"content":{"rendered":"<h2>\n\t\tC\u00d3MO EJERCER SU VOTO\n\t<\/h2>\n<h2>\n\t\tSI TIENE ALGUNA PREGUNTA O NECESITA AYUDA PARA EJERCER SU VOTO EN SU <i>PROXY CARD<\/i> BLANCO, COMUN\u00cdQUESE CON\n\t<\/h2>\n\t\t\t\t<img loading=\"lazy\" decoding=\"async\" src=\"https:\/\/ubsprfunds.com\/wp-content\/uploads\/2021\/08\/okapi-300x144.jpg\" alt=\"okapi\" itemprop=\"image\" height=\"144\" width=\"300\" title=\"okapi\" onerror=\"this.style.display='none'\"  \/>\n\t\n\n\n\n\n\t\n<p>Usted tiene tres opciones para ejercer su voto, pero le recomendamos que use el internet para asegurarse que su voto sea contabilizado  en la reuni\u00f3n.<\/p>\n\n<ol>\n<li class=\"translation-block\">Busque el n\u00famero de control de 16 d\u00edgitos en su <i>Proxy Card<\/i> <strong>BLANCO<\/strong> que se le envi\u00f3 por correo. Si no puede encontrar su <i>Proxy Card<\/i> <strong>BLANCO<\/strong>, comun\u00edquese con su asesor financiero o custodio para obtener ayuda.<\/li>\n<li class=\"translation-block\">Visite <a href=\"http:\/\/www.proxyvote.com\" target=\"_self\">www.proxyvote.com<\/a>, ingrese su n\u00famero de control y siga las instrucciones en la pantalla.<\/li>\n<li>Si tiene m\u00faltiples inversiones, aseg\u00farese de navegar hacia abajo despu\u00e9s de enviar sus instrucciones iniciales de su voto, y encontrar\u00e1 otras boletas que puedan estar pendientes para esta y otras reuniones que se enumerar\u00edan a continuaci\u00f3n.<\/li>\n<\/ol>\n\n<ol>\n<li class=\"translation-block\">Firme y coloque la fecha en el <i>Proxy Card<\/i> <strong>BLANCO<\/strong> que reciba.<\/li>\n<li>Env\u00edela por correo en el sobre predirigido y prefranqueado adjunto. Por la proximidad de la reuni\u00f3n, es m\u00e1s probable que se reciba su voto a tiempo si vota por Internet.<\/li>\n<li class=\"translation-block\">Tenga en cuenta que puede recibir varias correos, por lo que una vez haya votado en el <i>Proxy Card<\/i> <strong>BLANCO<\/strong>, puede descartar cualquier correo futuro que pueda recibir.<\/li>\n<\/ol>\n\n<ol>\n<li class=\"translation-block\">Reg\u00edstrese en <a href=\"https:\/\/viewproxy.com\/UBSPuertoRico\/broadridgevsm\/\" target=\"_blank\" rel=\"noopener\"> https:\/\/viewproxy.com\/UBSPuertoRico\/broadridgevsm\/ <\/a> a m\u00e1s tardar tres (3) d\u00edas antes la reuni\u00f3n.<\/li>\n<\/ol>","protected":false},"excerpt":{"rendered":"<p>HOW TO VOTE YOUR SHARES If you have any questions, or need assistance voting your WHITE proxy card, please contact: You have three options to vote your shares in the Funds, but given that the meetings are a short time away, you are encouraged to use the Internet so that your voice is heard at&hellip;<\/p>","protected":false},"author":1,"featured_media":0,"parent":0,"menu_order":0,"comment_status":"closed","ping_status":"closed","template":"","meta":{"footnotes":""},"class_list":["post-266","page","type-page","status-publish","hentry"],"_links":{"self":[{"href":"https:\/\/ubsprfunds.com\/es\/wp-json\/wp\/v2\/pages\/266","targetHints":{"allow":["GET"]}}],"collection":[{"href":"https:\/\/ubsprfunds.com\/es\/wp-json\/wp\/v2\/pages"}],"about":[{"href":"https:\/\/ubsprfunds.com\/es\/wp-json\/wp\/v2\/types\/page"}],"author":[{"embeddable":true,"href":"https:\/\/ubsprfunds.com\/es\/wp-json\/wp\/v2\/users\/1"}],"replies":[{"embeddable":true,"href":"https:\/\/ubsprfunds.com\/es\/wp-json\/wp\/v2\/comments?post=266"}],"version-history":[{"count":0,"href":"https:\/\/ubsprfunds.com\/es\/wp-json\/wp\/v2\/pages\/266\/revisions"}],"wp:attachment":[{"href":"https:\/\/ubsprfunds.com\/es\/wp-json\/wp\/v2\/media?parent=266"}],"curies":[{"name":"wp","href":"https:\/\/api.w.org\/{rel}","templated":true}]}}