{"id":327,"date":"2021-08-17T20:51:49","date_gmt":"2021-08-17T20:51:49","guid":{"rendered":"https:\/\/ubsprfunds.com\/?page_id=327"},"modified":"2021-10-20T21:16:16","modified_gmt":"2021-10-20T21:16:16","slug":"nominees","status":"publish","type":"page","link":"https:\/\/ubsprfunds.com\/es\/fund-v\/nominees\/","title":{"rendered":"Nominados para Fondo V"},"content":{"rendered":"<h2>\n\t\tTAX-FREE FIXED INCOME FUND V FOR PUERTO RICO RESIDENTS\n\t<\/h2>\n<h2>\n\t\tLOS DIRECTORES NOMINADOS A LA JUNTA DE DIRECTORES\n\t<\/h2>\n\t<p>As members of the current Board, the Fund&#8217;s nominees for re-election at the Annual Meeting are highly qualified financial professionals with deep roots in Puerto Rico and a long-standing commitment to the Fund.\u00a0 They understand Puerto Rico&#8217;s financial markets and are committed to the Fund&#8217;s investment objectives and its shareholders.<\/p>\n<p>The Board urges shareholders to support the Fund&#8217;s continued positive momentum and plan for long-term stability and viability of the Fund as a source of current income for its shareholders by voting &#8220;FOR&#8221; these four nominees on the WHITE card.<\/p>\n\t\t\t\t<img loading=\"lazy\" decoding=\"async\" src=\"https:\/\/ubsprfunds.com\/wp-content\/uploads\/2021\/08\/Pellot.jpg.png\" alt=\"Pellot.jpg\" itemprop=\"image\" height=\"240\" width=\"240\" title=\"Pellot.jpg\" onerror=\"this.style.display='none'\"  \/>\n\t<p class=\"translation-block\"><strong>Luis M. Pellot<\/strong> ha sido presidente de Pellot-Gonz\u00e1lez, Tax Attorneys &amp; Counselors at Law, PSC, desde 1989 y est\u00e1 activo en la comunidad empresarial de Puerto Rico como miembro del Colegio de Abogados de Puerto Rico, exmiembro de la Asociaci\u00f3n de Industriales de Puerto Rico, C\u00e1mara de Comercio de Puerto Rico, Asociaci\u00f3n de Contratistas Generales de Am\u00e9rica (Cap\u00edtulo de Puerto Rico), Asociaci\u00f3n de Hoteles y Turismo de Puerto Rico y Hispanic National Bar Association y presidente del Comit\u00e9 de Impuestos de la C\u00e1mara de Comercio de Puerto Rico de 1996 a 1997.  Ha sido director independiente y miembro del Comit\u00e9 de Auditor\u00eda de la Familia de Fondos de UBS Puerto Rico desde 2002.<\/p>\n<p>&nbsp;<\/p>\n<p>&nbsp;<\/p>\n\t\t\t\t<img loading=\"lazy\" decoding=\"async\" src=\"https:\/\/ubsprfunds.com\/wp-content\/uploads\/2021\/08\/Nido.png\" alt=\"Nido\" itemprop=\"image\" height=\"240\" width=\"240\" title=\"Nido\" onerror=\"this.style.display='none'\"  \/>\n\t<p class=\"translation-block\"><strong>Carlos Nido<\/strong> ha sido el presidente de Green Isle Capital LLC, un fondo de capital de riesgo de Puerto Rico en virtud de la Ley 185, que invierte principalmente en largometrajes y atenci\u00f3n m\u00e9dica, desde 2015.  Tambi\u00e9n es presidente y productor ejecutivo de Pi\u00f1olywood Studios LLC, se desempe\u00f1a como miembro de la Junta de Directores de B. Fern\u00e1ndez &amp; Hnos. Inc., la Familia de Fondos de UBS Puerto Rico, Puerto Rico Ambulatory Surgery Center y San Jorge Children\u2019s Foundation y miembro de la junta de consejo de Advent Morro Private Equity Funds.  Anteriormente fue vicepresidente s\u00e9nior de Ventas de El Nuevo D\u00eda, presidente de Del Mar Events, presidente y fundador de Virtual, Inc. y Zona Networks y gerente general de Primera Hora Editorial de 1997 a 1999.<\/p>\n<p>&nbsp;<\/p>\n<p>&nbsp;<\/p>\n\t\t\t\t<img loading=\"lazy\" decoding=\"async\" src=\"https:\/\/ubsprfunds.com\/wp-content\/uploads\/2021\/08\/Villamil.jpg.png\" alt=\"Villamil.jpg\" itemprop=\"image\" height=\"240\" width=\"240\" title=\"Villamil.jpg\" onerror=\"this.style.display='none'\"  \/>\n\t<p class=\"translation-block\"><strong>Jos\u00e9 J. Villamil<\/strong> es presidente de la Junta de Directores y director ejecutivo de Estudios T\u00e9cnicos, Inc., miembro desde hace mucho tiempo de la Junta de Gobernadores de United Way of Puerto Rico, asesor econ\u00f3mico a la Asociaci\u00f3n de Industriales de Puerto Rico y presidente de la Junta de Directores de BBVA-PR del 2000 al 2012, entre sus muchos roles de liderazgo privados, p\u00fablicos y sin fines de lucro en Puerto Rico.<\/p>\n<p>&nbsp;<\/p>\n<p>&nbsp;<\/p>\n\t\t\t\t<img loading=\"lazy\" decoding=\"async\" src=\"https:\/\/ubsprfunds.com\/wp-content\/uploads\/2021\/08\/Leon.png\" alt=\"Leon\" itemprop=\"image\" height=\"240\" width=\"240\" title=\"Leon\" onerror=\"this.style.display='none'\"  \/>\n\t<p class=\"translation-block\"><strong>Vicente Le\u00f3n<\/strong> ha desarrollado una vasta experiencia en finanzas y contabilidad desde 1962, exmiembro y presidente del Comit\u00e9 de Auditor\u00eda de la Junta de Directores de Triple S Management Corp. de 2000 a 2012, exsocio de auditor\u00eda de KPMG LLP y expresidente de la Sociedad Puertorrique\u00f1a de CPAs.<\/p>\n<p>&nbsp;<\/p>\n<p>&nbsp;<\/p>","protected":false},"excerpt":{"rendered":"<p>TAX-FREE FIXED INCOME FUND V FOR PUERTO RICO RESIDENTS FUND NOMINEES As members of the current Board, the Fund&#8217;s nominees for re-election at the Annual Meeting are highly qualified financial professionals with deep roots in Puerto Rico and a long-standing commitment to the Fund.\u00a0 They understand Puerto Rico&#8217;s financial markets and are committed to the&hellip;<\/p>","protected":false},"author":1,"featured_media":0,"parent":326,"menu_order":0,"comment_status":"closed","ping_status":"closed","template":"","meta":{"footnotes":""},"class_list":["post-327","page","type-page","status-publish","hentry"],"_links":{"self":[{"href":"https:\/\/ubsprfunds.com\/es\/wp-json\/wp\/v2\/pages\/327","targetHints":{"allow":["GET"]}}],"collection":[{"href":"https:\/\/ubsprfunds.com\/es\/wp-json\/wp\/v2\/pages"}],"about":[{"href":"https:\/\/ubsprfunds.com\/es\/wp-json\/wp\/v2\/types\/page"}],"author":[{"embeddable":true,"href":"https:\/\/ubsprfunds.com\/es\/wp-json\/wp\/v2\/users\/1"}],"replies":[{"embeddable":true,"href":"https:\/\/ubsprfunds.com\/es\/wp-json\/wp\/v2\/comments?post=327"}],"version-history":[{"count":0,"href":"https:\/\/ubsprfunds.com\/es\/wp-json\/wp\/v2\/pages\/327\/revisions"}],"up":[{"embeddable":true,"href":"https:\/\/ubsprfunds.com\/es\/wp-json\/wp\/v2\/pages\/326"}],"wp:attachment":[{"href":"https:\/\/ubsprfunds.com\/es\/wp-json\/wp\/v2\/media?parent=327"}],"curies":[{"name":"wp","href":"https:\/\/api.w.org\/{rel}","templated":true}]}}