{"id":373,"date":"2021-09-22T21:44:02","date_gmt":"2021-09-22T21:44:02","guid":{"rendered":"https:\/\/ubsprfunds.com\/?page_id=373"},"modified":"2021-10-11T20:53:49","modified_gmt":"2021-10-11T20:53:49","slug":"nominees","status":"publish","type":"page","link":"https:\/\/ubsprfunds.com\/es\/fund-iii\/nominees\/","title":{"rendered":"Nominados Para Fondo III"},"content":{"rendered":"<h2>\n\t\tTAX-FREE FIXED INCOME FUND III FOR PUERTO RICO RESIDENTS, INC.\n\t<\/h2>\n<h2>\n\t\tLOS DIRECTORES NOMINADOS A LA JUNTA DE DIRECTORES\n\t<\/h2>\n\t<p class=\"translation-block\">Como miembros de la Junta de Directores actual, los directores nominados para reelecci\u00f3n en la reuni\u00f3n anual de accionistas son <b>profesionales financieros altamente calificados, con ra\u00edces establecidas en Puerto Rico<\/b> y un compromiso s\u00f3lido con el Fondo y sus accionistas. Son profesionales que conocen los mercados financieros de Puerto Rico.<\/p>\n<p class=\"translation-block\">La Junta de Directores insta a los accionistas a apoyar el momentum positivo y continuo del Fondo y a asegurar la estabilidad y viabilidad a largo plazo del Fondo como fuente de ingresos corrientes para sus accionistas mediante el voto <strong>\u201cFOR ALL\u201d<\/strong> (POR TODOS) los directores nominados en el <i>Proxy Card<\/i> <strong>BLANCO<\/strong>.<\/p>\n\t\t\t\t<img loading=\"lazy\" decoding=\"async\" src=\"https:\/\/ubsprfunds.com\/wp-content\/uploads\/2021\/08\/Ubinas.png\" alt=\"Ubinas\" itemprop=\"image\" height=\"240\" width=\"240\" title=\"Ubinas\" onerror=\"this.style.display='none'\"  \/>\n\t<p class=\"translation-block\"><strong>Carlos V. Ubi\u00f1as<\/strong> se ha desempe\u00f1ado como director ejecutivo de UBS Financial Services Incorporated of Puerto Rico desde 2009, adem\u00e1s de otros cargos s\u00e9nior en UBS Financial Services Incorporated of Puerto Rico desde 1989.  Con d\u00e9cadas de experiencia en el mercado municipal local, que incluy\u00f3 un cargo s\u00e9nior en el Banco de Desarrollo Gubernamental, tiene un conocimiento incomparable de los mercados financieros de Puerto Rico.<\/p>\n\t\t\t\t<img loading=\"lazy\" decoding=\"async\" src=\"https:\/\/ubsprfunds.com\/wp-content\/uploads\/2021\/08\/Villamil.jpg.png\" alt=\"Villamil.jpg\" itemprop=\"image\" height=\"240\" width=\"240\" title=\"Villamil.jpg\" onerror=\"this.style.display='none'\"  \/>\n\t<p class=\"translation-block\"><strong>Jos\u00e9 J. Villamil<\/strong> es presidente de la Junta de Directores y director ejecutivo de Estudios T\u00e9cnicos, Inc., miembro desde hace mucho tiempo de la Junta de Gobernadores de United Way of Puerto Rico, asesor econ\u00f3mico a la Asociaci\u00f3n de Industriales de Puerto Rico y presidente de la Junta de Directores de BBVA-PR del 2000 al 2012, entre sus muchos roles de liderazgo privados, p\u00fablicos y sin fines de lucro en Puerto Rico.<\/p>\n<p>&nbsp;<\/p>\n<p>&nbsp;<\/p>\n\t\t\t\t<img loading=\"lazy\" decoding=\"async\" src=\"https:\/\/ubsprfunds.com\/wp-content\/uploads\/2021\/08\/Leon.png\" alt=\"Leon\" itemprop=\"image\" height=\"240\" width=\"240\" title=\"Leon\" onerror=\"this.style.display='none'\"  \/>\n\t<p class=\"translation-block\"><strong>Vicente Le\u00f3n<\/strong> ha desarrollado una vasta experiencia en finanzas y contabilidad desde 1962, exmiembro y presidente del Comit\u00e9 de Auditor\u00eda de la Junta de Directores de Triple S Management Corp. de 2000 a 2012, exsocio de auditor\u00eda de KPMG LLP y expresidente de la Sociedad Puertorrique\u00f1a de CPAs.<\/p>\n<p>&nbsp;<\/p>\n<p>&nbsp;<\/p>","protected":false},"excerpt":{"rendered":"<p>TAX-FREE FIXED INCOME FUND III FOR PUERTO RICO RESIDENTS, INC. FUND NOMINEES As members of the current Board, the Fund&#8217;s nominees for re-election at the Annual Meeting are highly qualified financial professionals with deep roots in Puerto Rico and have a long-standing commitment to the Fund and its shareholders. They understand Puerto Rico&#8217;s financial markets.&hellip;<\/p>","protected":false},"author":1,"featured_media":0,"parent":371,"menu_order":0,"comment_status":"closed","ping_status":"closed","template":"","meta":{"footnotes":""},"class_list":["post-373","page","type-page","status-publish","hentry"],"_links":{"self":[{"href":"https:\/\/ubsprfunds.com\/es\/wp-json\/wp\/v2\/pages\/373","targetHints":{"allow":["GET"]}}],"collection":[{"href":"https:\/\/ubsprfunds.com\/es\/wp-json\/wp\/v2\/pages"}],"about":[{"href":"https:\/\/ubsprfunds.com\/es\/wp-json\/wp\/v2\/types\/page"}],"author":[{"embeddable":true,"href":"https:\/\/ubsprfunds.com\/es\/wp-json\/wp\/v2\/users\/1"}],"replies":[{"embeddable":true,"href":"https:\/\/ubsprfunds.com\/es\/wp-json\/wp\/v2\/comments?post=373"}],"version-history":[{"count":0,"href":"https:\/\/ubsprfunds.com\/es\/wp-json\/wp\/v2\/pages\/373\/revisions"}],"up":[{"embeddable":true,"href":"https:\/\/ubsprfunds.com\/es\/wp-json\/wp\/v2\/pages\/371"}],"wp:attachment":[{"href":"https:\/\/ubsprfunds.com\/es\/wp-json\/wp\/v2\/media?parent=373"}],"curies":[{"name":"wp","href":"https:\/\/api.w.org\/{rel}","templated":true}]}}