{"id":457,"date":"2021-10-26T20:28:07","date_gmt":"2021-10-26T20:28:07","guid":{"rendered":"https:\/\/ubsprfunds.com\/?page_id=457"},"modified":"2023-06-05T17:36:06","modified_gmt":"2023-06-05T17:36:06","slug":"faq","status":"publish","type":"page","link":"https:\/\/ubsprfunds.com\/es\/fund-iv\/faq\/","title":{"rendered":"FAQ"},"content":{"rendered":"<h2>\n\t\tFAQ\n\t<\/h2>\n<h2>\n\t\tTAX-FREE FIXED INCOME FUND IV FOR PUERTO RICO RESIDENTS, INC. \n\t<\/h2>\n<h2>\n\t\tWHY THIS YEAR&#8217;S ANNUAL MEETING IS SO IMPORTANT AND HOW TO VOTE YOUR SHARES &#8211; FAQs\n\t<\/h2>\n\t<p><strong>\u00bfPor qu\u00e9 sucede esto ahora?<\/strong><\/p>\n<p>An activist hedge fund named Ocean Capital recently acquired a position in the Fund and at the last minute launched a proxy fight.\u00a0 They never contacted the Fund&#8217;s Board before launching their campaign.<\/p>\n<p>&nbsp;<\/p>\n<p><strong>\u00bfQui\u00e9n es Ocean Capital?<\/strong><\/p>\n<p class=\"translation-block\">Ocean Capital es un veh\u00edculo de inversi\u00f3n controlado por ejecutivos de First Southern, LLC, una empresa de servicios financieros con sede en Georgia y Puerto Rico, que se especializa en estrategias como la \u201cinversi\u00f3n en bonos en dificultades\u201d (\"<i>distressed bond investing<\/i>\"). First Southern y sus afiliadas han estado involucrados en la liquidaci\u00f3n de m\u00faltiples fondos de bonos de Puerto Rico<a href=\"#ftn1\" name=\"_ftnref1\" target=\"_self\">[1]<\/a>, incluyendo los de Santander. Notablemente, los ejecutivos principales asociados tanto con Ocean Capital como con First Southern, como lo es Ben Eiler, parecen haberse mudado a Puerto Rico para evitar pagar impuestos sobre las ganancias de capital, de conformidad con la Ley 22-2012 de Puerto Rico, seg\u00fan lo inform\u00f3 Associated Press y m\u00faltiples medios informativos.<a href=\"#_ftn2\" name=\"_ftnref2\" target=\"_self\">[2]<\/a><\/p>\n<p>&nbsp;<\/p>\n<p><strong>Is Ocean Capital&#8217;s election contest lawful?<\/strong><\/p>\n<p>No.\u00a0 The Board has determined, upon the advice of outside counsel, that Ocean Capital failed to comply with the advance notice provisions set forth in the Fund&#8217;s organizational documents for director nominations and shareholder proposals.\u00a0 As a result, the only director candidates eligible for election at the Fund&#8217;s meeting are the Board&#8217;s director nominees.<\/p>\n<p>&nbsp;<\/p>\n<p><strong>How could Ocean Capital and their nominees harm me and the Fund&#8217;s other shareholders?<\/strong><\/p>\n<p>Ocean Capital&#8217;s proxy contest is unlawful because its director nominations failed to comply with the Fund&#8217;s organizational documents.\u00a0 Moreover, Ocean Capital has provided no concrete plan but, based on their prior statements and actions and First Southern&#8217;s business, they and their nominees may intend to liquidate the Fund to generate short-term gains and\/or take over management of the Fund to generate higher fees.\u00a0 While good for Ocean Capital, both potential scenarios could be highly detrimental to the Fund&#8217;s other shareholders.<\/p>\n<p>&nbsp;<\/p>\n<p><strong>\u00bfC\u00f3mo se desempe\u00f1a el Fondo bajo la Junta actual?<\/strong><\/p>\n<p>Desde su creaci\u00f3n, el Fondo IV ha distribuido a sus accionistas $8.92 por acci\u00f3n en dividendos cumulativos, en l\u00ednea con sus objetivos de inversi\u00f3n, a pesar de la ca\u00edda del mercado de bonos cayeran en la isla municipales de Puerto Rico, lo cual hizo que los precios de los bonos cayeran en la isla.  El Fondo IV ofrece una tasa de rendimiento muy atractiva y con ventaja contributiva de 5.3%, lo cual ser\u00eda dif\u00edcil encontrar en otra inversi\u00f3n con un perfil de riesgo similar.<a href=\"#ftn3\" name=\"_ftnref3\">[3]<\/a><\/p>\n<p>Fund IV performed strongly from inception until the Puerto Rico municipal bond market crash in 2013 and has performed positively since the end of 2015, as it has continued to provide its shareholders with consistent monthly income.\u00a0 While the crash of Puerto Rico&#8217;s municipal bond market affected all investors in these markets, under the Board&#8217;s leadership, the Fund continued to deliver monthly tax-advantaged income; something direct investors in Puerto Rico bonds have not seen in years.<\/p>\n<p>&nbsp;<\/p>\n<p><strong>What is the Fund&#8217;s Board doing to protect my investment and generate monthly income?<\/strong><\/p>\n<p>The Board believes the outlook for the Fund is positive.\u00a0 As the Puerto Rico bond market emerges from the PROMESA process, both the income and liquidity of the Fund are expected to improve. \u00a0The Board is keenly aware of the need for liquidity in the Fund&#8217;s shares and will continue to make achieving this a strategic priority.<\/p>\n<p>At the current Board&#8217;s direction, the Fund continues to work tirelessly to maximize shareholder returns.\u00a0 This includes registering the Fund with the U.S. Securities and Exchange Commission under the Investment Company Act of 1940, which may contribute to increased liquidity and reduced market discount to NAV, paving the way for further positive returns.<\/p>\n<p>&nbsp;<\/p>\n<p><strong>Why should I support the Board&#8217;s nominees by voting on the WHITE proxy card?<\/strong><\/p>\n<p>The Board&#8217;s director nominees are highly qualified and respected financial professionals with deep roots in Puerto Rico and a long-standing commitment to the Fund and its shareholders.\u00a0 All nominees have strong corporate management credentials, experience overseeing Puerto Rico bond funds and a deep understanding of Puerto Rico&#8217;s financial markets.<\/p>\n<p>Due to Ocean Capital&#8217;s failure to comply with the Fund&#8217;s organizational documents, any votes cast for Ocean Capital&#8217;s director nominees will be disregarded.<\/p>\n<p>&nbsp;<\/p>\n<p><strong>\u00bfC\u00f3mo emito el voto en el <i>Proxy Card<\/i> BLANCO?<\/strong><\/p>\n<p>Usted tiene tres opciones para ejercer su voto, pero le recomendamos que use el internet para asegurarse que su voto sea contabilizado en la reuni\u00f3n.<\/p>\n<p>&nbsp;<\/p>\n<p><u>Por Internet<\/u><\/p>\n<ol>\n<li class=\"translation-block\">Busque el n\u00famero de control de 16 d\u00edgitos en su <i>Proxy Card<\/i> <strong>BLANCO<\/strong> que se le envi\u00f3 por correo. Si no puede encontrar su <i>Proxy Card<\/i> <strong>BLANCO<\/strong>, comun\u00edquese con su asesor financiero o custodio para obtener ayuda.<\/li>\n<li class=\"translation-block\">Visite <a href=\"http:\/\/www.proxyvote.com\" target=\"_self\">www.proxyvote.com<\/a>, ingrese su n\u00famero de control y siga las instrucciones en la pantalla.<\/li>\n<li>Si tiene m\u00faltiples inversiones, aseg\u00farese de navegar hacia abajo despu\u00e9s de enviar sus instrucciones iniciales de su voto, y encontrar\u00e1 otras boletas que puedan estar pendientes para esta y otras reuniones que se enumerar\u00edan a continuaci\u00f3n.<\/li>\n<\/ol>\n<p>&nbsp;<\/p>\n<p><u>Por Correo<\/u><\/p>\n<ol>\n<li class=\"translation-block\">Firme y coloque la fecha en el <i>Proxy Card<\/i> <strong>BLANCO<\/strong> que reciba.<\/li>\n<li>Env\u00edela por correo en el sobre predirigido y prefranqueado adjunto. Por la proximidad de la reuni\u00f3n, es m\u00e1s probable que se reciba su voto a tiempo si vota por Internet.<\/li>\n<li class=\"translation-block\">Tenga en cuenta que puede recibir varias correos, por lo que una vez haya votado en el <i>Proxy Card<\/i> <strong>BLANCO<\/strong>, puede descartar cualquier correo futuro que pueda recibir.<\/li>\n<\/ol>\n<p><u>En la Reuni\u00f3n Virtual<\/u><\/p>\n<ol>\n<li>Reg\u00edstrese a\u00a0<a href=\"https:\/\/viewproxy.com\/UBSPuertoRico\/broadridgevsm\/\">https:\/\/viewproxy.com\/UBSPuertoRico\/broadridgevsm\/<\/a> a m\u00e1s tardar el 1 de agosto de 2023 a las 5:00 p.m. hora est\u00e1ndar del Atl\u00e1ntico (Atlantic Standard Time) (las 5:00 p.m. Eastern Standard Time).<\/li>\n<\/ol>\n<p>&nbsp;<\/p>\n<p><strong>\u00bfA qui\u00e9n puedo llamar si tengo preguntas?<\/strong><\/p>\n<p class=\"translation-block\">Llame al n\u00famero gratuito de Okapi Partners para obtener m\u00e1s informaci\u00f3n al <strong>877-566-1922<\/strong>.  Los agentes est\u00e1n disponibles para responder preguntas de lunes a viernes de 9:00 a.m. a 7:00 p.m., ET. Presione 1 para hablar con un representante en espa\u00f1ol. Presione 2 para hablar con un representante en ingl\u00e9s.<\/p>\n<p><img loading=\"lazy\" decoding=\"async\" src=\"https:\/\/ubsprfunds.com\/wp-content\/uploads\/2021\/08\/okapi-300x144.jpg\" alt=\"\" width=\"184\" height=\"88\" \/><\/p>\n<p><a href=\"#_ftnref1\" name=\"_ftn1\"><\/a><\/p>\n\t<p>[1] First Southern, LLC, <em>First Puerto Rico Family of Funds<\/em>, <a href=\"https:\/\/fssec.com\/first-puerto-rico-family-of-funds\/\">https:\/\/fssec.com\/first-puerto-rico-family-of-funds\/<\/a>.<\/p>\n\t<p>[2] Danica Otto, <em>As middle class flees, Puerto Rico tries luring rich people<\/em>, Associated Press (Feb. 6, 2015), <a href=\"https:\/\/apnews.com\/article\/91114c2f7cf64516bbcc3c8f7af27adc\">https:\/\/apnews.com\/article\/91114c2f7cf64516bbcc3c8f7af27adc<\/a>.<\/p>\n\t<p>[3] Al 30 de junio de 2021.<\/p>","protected":false},"excerpt":{"rendered":"<p>FAQ TAX-FREE FIXED INCOME FUND IV FOR PUERTO RICO RESIDENTS, INC. WHY THIS YEAR&#8217;S ANNUAL MEETING IS SO IMPORTANT AND HOW TO VOTE YOUR SHARES &#8211; FAQs Why is this happening now? An activist hedge fund named Ocean Capital recently acquired a position in the Fund and at the last minute launched a proxy fight.\u00a0&hellip;<\/p>","protected":false},"author":1,"featured_media":0,"parent":287,"menu_order":0,"comment_status":"closed","ping_status":"closed","template":"","meta":{"footnotes":""},"class_list":["post-457","page","type-page","status-publish","hentry"],"_links":{"self":[{"href":"https:\/\/ubsprfunds.com\/es\/wp-json\/wp\/v2\/pages\/457","targetHints":{"allow":["GET"]}}],"collection":[{"href":"https:\/\/ubsprfunds.com\/es\/wp-json\/wp\/v2\/pages"}],"about":[{"href":"https:\/\/ubsprfunds.com\/es\/wp-json\/wp\/v2\/types\/page"}],"author":[{"embeddable":true,"href":"https:\/\/ubsprfunds.com\/es\/wp-json\/wp\/v2\/users\/1"}],"replies":[{"embeddable":true,"href":"https:\/\/ubsprfunds.com\/es\/wp-json\/wp\/v2\/comments?post=457"}],"version-history":[{"count":0,"href":"https:\/\/ubsprfunds.com\/es\/wp-json\/wp\/v2\/pages\/457\/revisions"}],"up":[{"embeddable":true,"href":"https:\/\/ubsprfunds.com\/es\/wp-json\/wp\/v2\/pages\/287"}],"wp:attachment":[{"href":"https:\/\/ubsprfunds.com\/es\/wp-json\/wp\/v2\/media?parent=457"}],"curies":[{"name":"wp","href":"https:\/\/api.w.org\/{rel}","templated":true}]}}